{"id":7,"date":"2015-07-20T09:13:12","date_gmt":"2015-07-20T09:13:12","guid":{"rendered":"http:\/\/demo.themegrill.com\/himalayas\/?page_id=7"},"modified":"2021-05-26T10:28:47","modified_gmt":"2021-05-26T10:28:47","slug":"hakkimizda","status":"publish","type":"page","link":"http:\/\/hikmetseflektarim.com.tr\/index.php\/hakkimizda\/","title":{"rendered":"Hakk\u0131m\u0131zda"},"content":{"rendered":"<p><span style=\"font-weight: 400;\">Firmam\u0131z 2019 y\u0131l\u0131nda \u0130brahim \u015eeflek Nakliyat\u0131n tar\u0131m sekt\u00f6r\u00fcne yapm\u0131\u015f oldu\u011fu yat\u0131r\u0131mla kurulmu\u015ftur.&nbsp;<\/span><\/p>\n<p><span style=\"font-weight: 400;\">D\u00fcnya\u2019da farkl\u0131 b\u00f6lgelerde uzun y\u0131llard\u0131r uygulanmakta olan lisansl\u0131 depoculuk faaliyetinin T\u00fcrkiye\u2019de de yeni geli\u015ftirilen mevzuatla birlikte uygulanmaya ba\u015flamas\u0131n\u0131n ard\u0131ndan bu alandaki hizmetlerini lisansl\u0131 depoculuk \u00f6l\u00e7e\u011finde de de\u011ferlendirmek amac\u0131yla ad\u0131m atan&nbsp;<\/span><b>H\u0130KMET \u015eEFLEK TARIM \u00dcR\u00dcNLER\u0130 L\u0130SANSLI DEPOCULUK ANON\u0130M \u015e\u0130RKET\u0130&nbsp;<\/b><span style=\"font-weight: 400;\">&nbsp;Konya Saray\u00f6n\u00fc Merkez\u2019de kurulmu\u015f olup 42 bin ton Kapasite ile hizmet vermeye ba\u015flam\u0131\u015ft\u0131r<\/span><span style=\"font-weight: 400;\">.<\/span><\/p>\n","protected":false},"excerpt":{"rendered":"<p>Firmam\u0131z 2019 y\u0131l\u0131nda \u0130brahim \u015eeflek Nakliyat\u0131n tar\u0131m sekt\u00f6r\u00fcne yapm\u0131\u015f oldu\u011fu yat\u0131r\u0131mla kurulmu\u015ftur.\u00a0<\/p>\n<p>D\u00fcnya\u2019da farkl\u0131 b\u00f6lgelerde uzun y\u0131llard\u0131r uygulanmakta olan lisansl\u0131 depoculuk faaliyetinin T\u00fcrkiye\u2019de de yeni geli\u015ftirilen mevzuatla birlikte uygulanmaya ba\u015flamas\u0131n\u0131n ard\u0131ndan bu alandaki hizmetlerini lisansl\u0131 depoculuk \u00f6l\u00e7e\u011finde de de\u011ferlendirmek amac\u0131yla ad\u0131m atan\u00a0H\u0130KMET \u015eEFLEK TARIM \u00dcR\u00dcNLER\u0130 L\u0130SANSLI DEPOCULUK ANON\u0130M \u015e\u0130RKET\u0130\u00a0\u00a0Konya Saray\u00f6n\u00fc Merkez\u2019de kurulmu\u015f olup 42 bin ton Kapasite ile hizmet vermeye ba\u015flam\u0131\u015ft\u0131r.<\/p>\n","protected":false},"author":1,"featured_media":311,"parent":0,"menu_order":0,"comment_status":"closed","ping_status":"closed","template":"","meta":[],"yoast_head":"<!-- This site is optimized with the Yoast SEO plugin v16.8 - https:\/\/yoast.com\/wordpress\/plugins\/seo\/ -->\r\n<title>Hakk\u0131m\u0131zda - Hikmet \u015eeflek Tar\u0131m<\/title>\r\n<meta name=\"robots\" content=\"index, follow, max-snippet:-1, max-image-preview:large, max-video-preview:-1\" \/>\r\n<link rel=\"canonical\" href=\"http:\/\/hikmetseflektarim.com.tr\/index.php\/hakkimizda\/\" \/>\r\n<meta property=\"og:locale\" content=\"tr_TR\" \/>\r\n<meta property=\"og:type\" content=\"article\" \/>\r\n<meta property=\"og:title\" content=\"Hakk\u0131m\u0131zda - Hikmet \u015eeflek Tar\u0131m\" \/>\r\n<meta property=\"og:description\" content=\"Firmam\u0131z 2019 y\u0131l\u0131nda \u0130brahim \u015eeflek Nakliyat\u0131n tar\u0131m sekt\u00f6r\u00fcne yapm\u0131\u015f oldu\u011fu yat\u0131r\u0131mla kurulmu\u015ftur.\u00a0 D\u00fcnya\u2019da farkl\u0131 b\u00f6lgelerde uzun y\u0131llard\u0131r uygulanmakta olan lisansl\u0131 depoculuk faaliyetinin T\u00fcrkiye\u2019de de yeni geli\u015ftirilen mevzuatla birlikte uygulanmaya ba\u015flamas\u0131n\u0131n ard\u0131ndan bu alandaki hizmetlerini lisansl\u0131 depoculuk \u00f6l\u00e7e\u011finde de de\u011ferlendirmek amac\u0131yla ad\u0131m atan\u00a0H\u0130KMET \u015eEFLEK TARIM \u00dcR\u00dcNLER\u0130 L\u0130SANSLI DEPOCULUK ANON\u0130M \u015e\u0130RKET\u0130\u00a0\u00a0Konya Saray\u00f6n\u00fc Merkez\u2019de kurulmu\u015f olup 42 bin ton Kapasite ile hizmet vermeye ba\u015flam\u0131\u015ft\u0131r.\" \/>\r\n<meta property=\"og:url\" content=\"http:\/\/hikmetseflektarim.com.tr\/index.php\/hakkimizda\/\" \/>\r\n<meta property=\"og:site_name\" content=\"Hikmet \u015eeflek Tar\u0131m\" \/>\r\n<meta property=\"article:modified_time\" content=\"2021-05-26T10:28:47+00:00\" \/>\r\n<meta property=\"og:image\" content=\"http:\/\/hikmetseflektarim.com.tr\/wp-content\/uploads\/2021\/03\/cropped-seflek-uzun-logo.png\" \/>\r\n\t<meta property=\"og:image:width\" content=\"500\" \/>\r\n\t<meta property=\"og:image:height\" content=\"173\" \/>\r\n<meta name=\"twitter:card\" content=\"summary_large_image\" \/>\r\n<meta name=\"twitter:label1\" content=\"Tahmini okuma s\u00fcresi\" \/>\n\t<meta name=\"twitter:data1\" content=\"1 dakika\" \/>\r\n<script type=\"application\/ld+json\" class=\"yoast-schema-graph\">{\"@context\":\"https:\/\/schema.org\",\"@graph\":[{\"@type\":\"Organization\",\"@id\":\"http:\/\/hikmetseflektarim.com.tr\/#organization\",\"name\":\"Hikmet \\u015eeflek Tar\\u0131m\",\"url\":\"http:\/\/hikmetseflektarim.com.tr\/\",\"sameAs\":[],\"logo\":{\"@type\":\"ImageObject\",\"@id\":\"http:\/\/hikmetseflektarim.com.tr\/#logo\",\"inLanguage\":\"tr\",\"url\":\"http:\/\/hikmetseflektarim.com.tr\/wp-content\/uploads\/2021\/03\/cropped-logo-1.png\",\"contentUrl\":\"http:\/\/hikmetseflektarim.com.tr\/wp-content\/uploads\/2021\/03\/cropped-logo-1.png\",\"width\":512,\"height\":512,\"caption\":\"Hikmet \\u015eeflek Tar\\u0131m\"},\"image\":{\"@id\":\"http:\/\/hikmetseflektarim.com.tr\/#logo\"}},{\"@type\":\"WebSite\",\"@id\":\"http:\/\/hikmetseflektarim.com.tr\/#website\",\"url\":\"http:\/\/hikmetseflektarim.com.tr\/\",\"name\":\"Hikmet \\u015eeflek Tar\\u0131m\",\"description\":\"Lisansl\\u0131 Depoculuk\",\"publisher\":{\"@id\":\"http:\/\/hikmetseflektarim.com.tr\/#organization\"},\"potentialAction\":[{\"@type\":\"SearchAction\",\"target\":{\"@type\":\"EntryPoint\",\"urlTemplate\":\"http:\/\/hikmetseflektarim.com.tr\/?s={search_term_string}\"},\"query-input\":\"required name=search_term_string\"}],\"inLanguage\":\"tr\"},{\"@type\":\"ImageObject\",\"@id\":\"http:\/\/hikmetseflektarim.com.tr\/index.php\/hakkimizda\/#primaryimage\",\"inLanguage\":\"tr\",\"url\":\"http:\/\/hikmetseflektarim.com.tr\/wp-content\/uploads\/2021\/03\/cropped-seflek-uzun-logo.png\",\"contentUrl\":\"http:\/\/hikmetseflektarim.com.tr\/wp-content\/uploads\/2021\/03\/cropped-seflek-uzun-logo.png\",\"width\":500,\"height\":173},{\"@type\":\"WebPage\",\"@id\":\"http:\/\/hikmetseflektarim.com.tr\/index.php\/hakkimizda\/#webpage\",\"url\":\"http:\/\/hikmetseflektarim.com.tr\/index.php\/hakkimizda\/\",\"name\":\"Hakk\\u0131m\\u0131zda - Hikmet \\u015eeflek Tar\\u0131m\",\"isPartOf\":{\"@id\":\"http:\/\/hikmetseflektarim.com.tr\/#website\"},\"primaryImageOfPage\":{\"@id\":\"http:\/\/hikmetseflektarim.com.tr\/index.php\/hakkimizda\/#primaryimage\"},\"datePublished\":\"2015-07-20T09:13:12+00:00\",\"dateModified\":\"2021-05-26T10:28:47+00:00\",\"breadcrumb\":{\"@id\":\"http:\/\/hikmetseflektarim.com.tr\/index.php\/hakkimizda\/#breadcrumb\"},\"inLanguage\":\"tr\",\"potentialAction\":[{\"@type\":\"ReadAction\",\"target\":[\"http:\/\/hikmetseflektarim.com.tr\/index.php\/hakkimizda\/\"]}]},{\"@type\":\"BreadcrumbList\",\"@id\":\"http:\/\/hikmetseflektarim.com.tr\/index.php\/hakkimizda\/#breadcrumb\",\"itemListElement\":[{\"@type\":\"ListItem\",\"position\":1,\"name\":\"Home\",\"item\":\"http:\/\/hikmetseflektarim.com.tr\/\"},{\"@type\":\"ListItem\",\"position\":2,\"name\":\"Hakk\\u0131m\\u0131zda\"}]}]}<\/script>\r\n<!-- \/ Yoast SEO plugin. -->","yoast_head_json":{"title":"Hakk\u0131m\u0131zda - Hikmet \u015eeflek Tar\u0131m","robots":{"index":"index","follow":"follow","max-snippet":"max-snippet:-1","max-image-preview":"max-image-preview:large","max-video-preview":"max-video-preview:-1"},"canonical":"http:\/\/hikmetseflektarim.com.tr\/index.php\/hakkimizda\/","og_locale":"tr_TR","og_type":"article","og_title":"Hakk\u0131m\u0131zda - Hikmet \u015eeflek Tar\u0131m","og_description":"Firmam\u0131z 2019 y\u0131l\u0131nda \u0130brahim \u015eeflek Nakliyat\u0131n tar\u0131m sekt\u00f6r\u00fcne yapm\u0131\u015f oldu\u011fu yat\u0131r\u0131mla kurulmu\u015ftur.\u00a0 D\u00fcnya\u2019da farkl\u0131 b\u00f6lgelerde uzun y\u0131llard\u0131r uygulanmakta olan lisansl\u0131 depoculuk faaliyetinin T\u00fcrkiye\u2019de de yeni geli\u015ftirilen mevzuatla birlikte uygulanmaya ba\u015flamas\u0131n\u0131n ard\u0131ndan bu alandaki hizmetlerini lisansl\u0131 depoculuk \u00f6l\u00e7e\u011finde de de\u011ferlendirmek amac\u0131yla ad\u0131m atan\u00a0H\u0130KMET \u015eEFLEK TARIM \u00dcR\u00dcNLER\u0130 L\u0130SANSLI DEPOCULUK ANON\u0130M \u015e\u0130RKET\u0130\u00a0\u00a0Konya Saray\u00f6n\u00fc Merkez\u2019de kurulmu\u015f olup 42 bin ton Kapasite ile hizmet vermeye ba\u015flam\u0131\u015ft\u0131r.","og_url":"http:\/\/hikmetseflektarim.com.tr\/index.php\/hakkimizda\/","og_site_name":"Hikmet \u015eeflek Tar\u0131m","article_modified_time":"2021-05-26T10:28:47+00:00","og_image":[{"width":500,"height":173,"url":"http:\/\/hikmetseflektarim.com.tr\/wp-content\/uploads\/2021\/03\/cropped-seflek-uzun-logo.png","path":"D:\\vhosts\\hikmetseflektarim.com.tr\\httpdocs\/wp-content\/uploads\/2021\/03\/cropped-seflek-uzun-logo.png","size":"full","id":311,"alt":"","pixels":86500,"type":"image\/png"}],"twitter_card":"summary_large_image","twitter_misc":{"Tahmini okuma s\u00fcresi":"1 dakika"},"schema":{"@context":"https:\/\/schema.org","@graph":[{"@type":"Organization","@id":"http:\/\/hikmetseflektarim.com.tr\/#organization","name":"Hikmet \u015eeflek Tar\u0131m","url":"http:\/\/hikmetseflektarim.com.tr\/","sameAs":[],"logo":{"@type":"ImageObject","@id":"http:\/\/hikmetseflektarim.com.tr\/#logo","inLanguage":"tr","url":"http:\/\/hikmetseflektarim.com.tr\/wp-content\/uploads\/2021\/03\/cropped-logo-1.png","contentUrl":"http:\/\/hikmetseflektarim.com.tr\/wp-content\/uploads\/2021\/03\/cropped-logo-1.png","width":512,"height":512,"caption":"Hikmet \u015eeflek Tar\u0131m"},"image":{"@id":"http:\/\/hikmetseflektarim.com.tr\/#logo"}},{"@type":"WebSite","@id":"http:\/\/hikmetseflektarim.com.tr\/#website","url":"http:\/\/hikmetseflektarim.com.tr\/","name":"Hikmet \u015eeflek Tar\u0131m","description":"Lisansl\u0131 Depoculuk","publisher":{"@id":"http:\/\/hikmetseflektarim.com.tr\/#organization"},"potentialAction":[{"@type":"SearchAction","target":{"@type":"EntryPoint","urlTemplate":"http:\/\/hikmetseflektarim.com.tr\/?s={search_term_string}"},"query-input":"required name=search_term_string"}],"inLanguage":"tr"},{"@type":"ImageObject","@id":"http:\/\/hikmetseflektarim.com.tr\/index.php\/hakkimizda\/#primaryimage","inLanguage":"tr","url":"http:\/\/hikmetseflektarim.com.tr\/wp-content\/uploads\/2021\/03\/cropped-seflek-uzun-logo.png","contentUrl":"http:\/\/hikmetseflektarim.com.tr\/wp-content\/uploads\/2021\/03\/cropped-seflek-uzun-logo.png","width":500,"height":173},{"@type":"WebPage","@id":"http:\/\/hikmetseflektarim.com.tr\/index.php\/hakkimizda\/#webpage","url":"http:\/\/hikmetseflektarim.com.tr\/index.php\/hakkimizda\/","name":"Hakk\u0131m\u0131zda - Hikmet \u015eeflek Tar\u0131m","isPartOf":{"@id":"http:\/\/hikmetseflektarim.com.tr\/#website"},"primaryImageOfPage":{"@id":"http:\/\/hikmetseflektarim.com.tr\/index.php\/hakkimizda\/#primaryimage"},"datePublished":"2015-07-20T09:13:12+00:00","dateModified":"2021-05-26T10:28:47+00:00","breadcrumb":{"@id":"http:\/\/hikmetseflektarim.com.tr\/index.php\/hakkimizda\/#breadcrumb"},"inLanguage":"tr","potentialAction":[{"@type":"ReadAction","target":["http:\/\/hikmetseflektarim.com.tr\/index.php\/hakkimizda\/"]}]},{"@type":"BreadcrumbList","@id":"http:\/\/hikmetseflektarim.com.tr\/index.php\/hakkimizda\/#breadcrumb","itemListElement":[{"@type":"ListItem","position":1,"name":"Home","item":"http:\/\/hikmetseflektarim.com.tr\/"},{"@type":"ListItem","position":2,"name":"Hakk\u0131m\u0131zda"}]}]}},"_links":{"self":[{"href":"http:\/\/hikmetseflektarim.com.tr\/index.php\/wp-json\/wp\/v2\/pages\/7"}],"collection":[{"href":"http:\/\/hikmetseflektarim.com.tr\/index.php\/wp-json\/wp\/v2\/pages"}],"about":[{"href":"http:\/\/hikmetseflektarim.com.tr\/index.php\/wp-json\/wp\/v2\/types\/page"}],"author":[{"embeddable":true,"href":"http:\/\/hikmetseflektarim.com.tr\/index.php\/wp-json\/wp\/v2\/users\/1"}],"replies":[{"embeddable":true,"href":"http:\/\/hikmetseflektarim.com.tr\/index.php\/wp-json\/wp\/v2\/comments?post=7"}],"version-history":[{"count":7,"href":"http:\/\/hikmetseflektarim.com.tr\/index.php\/wp-json\/wp\/v2\/pages\/7\/revisions"}],"predecessor-version":[{"id":365,"href":"http:\/\/hikmetseflektarim.com.tr\/index.php\/wp-json\/wp\/v2\/pages\/7\/revisions\/365"}],"wp:featuredmedia":[{"embeddable":true,"href":"http:\/\/hikmetseflektarim.com.tr\/index.php\/wp-json\/wp\/v2\/media\/311"}],"wp:attachment":[{"href":"http:\/\/hikmetseflektarim.com.tr\/index.php\/wp-json\/wp\/v2\/media?parent=7"}],"curies":[{"name":"wp","href":"https:\/\/api.w.org\/{rel}","templated":true}]}}