{"id":53,"date":"2015-07-20T10:49:58","date_gmt":"2015-07-20T10:49:58","guid":{"rendered":"http:\/\/demo.themegrill.com\/himalayas\/?page_id=53"},"modified":"2021-07-09T12:10:51","modified_gmt":"2021-07-09T12:10:51","slug":"depo-kira-destegi","status":"publish","type":"page","link":"http:\/\/hikmetseflektarim.com.tr\/index.php\/depo-kira-destegi\/","title":{"rendered":"DEPO K\u0130RA DESTE\u011e\u0130"},"content":{"rendered":"<p><span style=\"font-weight: 400;\">22 Haziran 2021 tarih, 31519 say\u0131l\u0131 Resmi gazetede yay\u0131mlanan karar \u2018Tar\u0131msal \u00dcr\u00fcnlerin 5300 Say\u0131l\u0131 Tar\u0131m \u00dcr\u00fcnleri Lisansl\u0131 Depoculuk Kanunu \u00c7er\u00e7evesinde Lisans Alarak Faaliyet G\u00f6steren Depolarda Muhafaza Edilmesi Halinde Destekleme \u00d6demesi Yap\u0131lmas\u0131na \u0130li\u015fkin Karar (Karar Say\u0131s\u0131: 4093<\/span><a href=\"https:\/\/www.tokay.com.tr\/wp-content\/uploads\/2020\/01\/T.C.-Ziraat-Bankas%C4%B1-A.%C5%9E.-ve-Tar%C4%B1m-Kredi-kooperatiflerince-Tar%C4%B1msal-%C3%9Cretime-Dair-F%C3%BC%C5%9F%C3%BCk-faizli-kredi-verilmesine-ili%C5%9Fkin-karar-son.pdf\"><b>)<\/b><\/a><span style=\"font-weight: 400;\">\u00a0<\/span><\/p>\n<p><b>a- \u00c7KS\u2019ye Kay\u0131tl\u0131 \u00fcreticiler ile \u00fcretici \u00f6rg\u00fctleri i\u00e7in:<\/b><\/p>\n<p><span style=\"font-weight: 400;\">\u00c7ift\u00e7i Kay\u0131t Sistemi (\u00c7KS)\u2019ne kay\u0131tl\u0131 \u00fcreticiler ile \u00fcretici \u00f6rg\u00fctlerine \u00fcr\u00fcnlerini, 5300 say\u0131l\u0131 Kanun \u00e7er\u00e7evesinde faaliyet g\u00f6steren lisansl\u0131 depo i\u015fletmelerine depolamak \u00fczere teslim etmeleri halinde, a\u015fa\u011f\u0131da belirtilen \u00fcst s\u0131n\u0131rlar\u0131 ge\u00e7memek ve 17\/10\/2019 tarihinde ba\u015flamak \u00fczere, her \u00fcretim y\u0131l\u0131na ait \u00fcr\u00fcn i\u00e7in en faza 6 ay s\u00fcre ile ilave kira deste\u011fi verilir.<\/span><\/p>\n<p><span style=\"font-weight: 400;\">\u2013 Hububat, bakliyat, ya\u011fl\u0131 tohumlar i\u00e7in\u00a0<\/span><b>6 TL\/Ton\/Ay,<\/b><\/p>\n<p><span style=\"font-weight: 400;\">\u2013 Pamuk i\u00e7in\u00a0\u00a0<\/span><b>14 TL\/Ton\/Ay<\/b><span style=\"font-weight: 400;\">,<\/span><\/p>\n<p><span style=\"font-weight: 400;\">\u2013 Zeytin, Zeytinya\u011f\u0131, F\u0131nd\u0131k, K.Kay\u0131s\u0131, K.\u00dcz\u00fcm, Antepf\u0131st\u0131\u011f\u0131 i\u00e7in\u00a0<\/span><b>20 TL\/Ton\/Ay\u2018\u0131<\/b><span style=\"font-weight: 400;\">\u00a0ge\u00e7memek \u00fczere Ticaret Bakanl\u0131\u011f\u0131\u2019nca onaylanacak kira \u00fccretlerinin %50\u2019si oran\u0131nda;<\/span><\/p>\n<p><span style=\"font-weight: 400;\">depo kira deste\u011fi verilmektedir.<\/span><\/p>\n","protected":false},"excerpt":{"rendered":"<p>22 Haziran 2021 tarih, 31519 say\u0131l\u0131 Resmi gazetede yay\u0131mlanan karar \u2018Tar\u0131msal \u00dcr\u00fcnlerin 5300 Say\u0131l\u0131 Tar\u0131m \u00dcr\u00fcnleri Lisansl\u0131 Depoculuk Kanunu \u00c7er\u00e7evesinde Lisans Alarak Faaliyet G\u00f6steren Depolarda Muhafaza Edilmesi Halinde Destekleme \u00d6demesi Yap\u0131lmas\u0131na \u0130li\u015fkin Karar (Karar Say\u0131s\u0131: 4093)\u00a0<\/p>\n","protected":false},"author":1,"featured_media":371,"parent":0,"menu_order":0,"comment_status":"closed","ping_status":"closed","template":"page-templates\/template-services.php","meta":[],"yoast_head":"<!-- This site is optimized with the Yoast SEO plugin v16.8 - https:\/\/yoast.com\/wordpress\/plugins\/seo\/ -->\r\n<title>DEPO K\u0130RA DESTE\u011e\u0130 - Hikmet \u015eeflek Tar\u0131m<\/title>\r\n<meta name=\"robots\" content=\"index, follow, max-snippet:-1, max-image-preview:large, max-video-preview:-1\" \/>\r\n<link rel=\"canonical\" href=\"http:\/\/hikmetseflektarim.com.tr\/index.php\/depo-kira-destegi\/\" \/>\r\n<meta property=\"og:locale\" content=\"tr_TR\" \/>\r\n<meta property=\"og:type\" content=\"article\" \/>\r\n<meta property=\"og:title\" content=\"DEPO K\u0130RA DESTE\u011e\u0130 - Hikmet \u015eeflek Tar\u0131m\" \/>\r\n<meta property=\"og:description\" content=\"22 Haziran 2021 tarih, 31519 say\u0131l\u0131 Resmi gazetede yay\u0131mlanan karar \u2018Tar\u0131msal \u00dcr\u00fcnlerin 5300 Say\u0131l\u0131 Tar\u0131m \u00dcr\u00fcnleri Lisansl\u0131 Depoculuk Kanunu \u00c7er\u00e7evesinde Lisans Alarak Faaliyet G\u00f6steren Depolarda Muhafaza Edilmesi Halinde Destekleme \u00d6demesi Yap\u0131lmas\u0131na \u0130li\u015fkin Karar (Karar Say\u0131s\u0131: 4093)\u00a0\" \/>\r\n<meta property=\"og:url\" content=\"http:\/\/hikmetseflektarim.com.tr\/index.php\/depo-kira-destegi\/\" \/>\r\n<meta property=\"og:site_name\" content=\"Hikmet \u015eeflek Tar\u0131m\" \/>\r\n<meta property=\"article:modified_time\" content=\"2021-07-09T12:10:51+00:00\" \/>\r\n<meta property=\"og:image\" content=\"http:\/\/hikmetseflektarim.com.tr\/wp-content\/uploads\/2021\/05\/depo-kira-rotated.jpeg\" \/>\r\n\t<meta property=\"og:image:width\" content=\"1600\" \/>\r\n\t<meta property=\"og:image:height\" content=\"769\" \/>\r\n<meta name=\"twitter:card\" content=\"summary_large_image\" \/>\r\n<meta name=\"twitter:label1\" content=\"Tahmini okuma s\u00fcresi\" \/>\n\t<meta name=\"twitter:data1\" content=\"1 dakika\" \/>\r\n<script type=\"application\/ld+json\" class=\"yoast-schema-graph\">{\"@context\":\"https:\/\/schema.org\",\"@graph\":[{\"@type\":\"Organization\",\"@id\":\"http:\/\/hikmetseflektarim.com.tr\/#organization\",\"name\":\"Hikmet \\u015eeflek Tar\\u0131m\",\"url\":\"http:\/\/hikmetseflektarim.com.tr\/\",\"sameAs\":[],\"logo\":{\"@type\":\"ImageObject\",\"@id\":\"http:\/\/hikmetseflektarim.com.tr\/#logo\",\"inLanguage\":\"tr\",\"url\":\"http:\/\/hikmetseflektarim.com.tr\/wp-content\/uploads\/2021\/03\/cropped-logo-1.png\",\"contentUrl\":\"http:\/\/hikmetseflektarim.com.tr\/wp-content\/uploads\/2021\/03\/cropped-logo-1.png\",\"width\":512,\"height\":512,\"caption\":\"Hikmet \\u015eeflek Tar\\u0131m\"},\"image\":{\"@id\":\"http:\/\/hikmetseflektarim.com.tr\/#logo\"}},{\"@type\":\"WebSite\",\"@id\":\"http:\/\/hikmetseflektarim.com.tr\/#website\",\"url\":\"http:\/\/hikmetseflektarim.com.tr\/\",\"name\":\"Hikmet \\u015eeflek Tar\\u0131m\",\"description\":\"Lisansl\\u0131 Depoculuk\",\"publisher\":{\"@id\":\"http:\/\/hikmetseflektarim.com.tr\/#organization\"},\"potentialAction\":[{\"@type\":\"SearchAction\",\"target\":{\"@type\":\"EntryPoint\",\"urlTemplate\":\"http:\/\/hikmetseflektarim.com.tr\/?s={search_term_string}\"},\"query-input\":\"required name=search_term_string\"}],\"inLanguage\":\"tr\"},{\"@type\":\"ImageObject\",\"@id\":\"http:\/\/hikmetseflektarim.com.tr\/index.php\/depo-kira-destegi\/#primaryimage\",\"inLanguage\":\"tr\",\"url\":\"http:\/\/hikmetseflektarim.com.tr\/wp-content\/uploads\/2021\/05\/depo-kira-rotated.jpeg\",\"contentUrl\":\"http:\/\/hikmetseflektarim.com.tr\/wp-content\/uploads\/2021\/05\/depo-kira-rotated.jpeg\",\"width\":1600,\"height\":769},{\"@type\":\"WebPage\",\"@id\":\"http:\/\/hikmetseflektarim.com.tr\/index.php\/depo-kira-destegi\/#webpage\",\"url\":\"http:\/\/hikmetseflektarim.com.tr\/index.php\/depo-kira-destegi\/\",\"name\":\"DEPO K\\u0130RA DESTE\\u011e\\u0130 - Hikmet \\u015eeflek Tar\\u0131m\",\"isPartOf\":{\"@id\":\"http:\/\/hikmetseflektarim.com.tr\/#website\"},\"primaryImageOfPage\":{\"@id\":\"http:\/\/hikmetseflektarim.com.tr\/index.php\/depo-kira-destegi\/#primaryimage\"},\"datePublished\":\"2015-07-20T10:49:58+00:00\",\"dateModified\":\"2021-07-09T12:10:51+00:00\",\"breadcrumb\":{\"@id\":\"http:\/\/hikmetseflektarim.com.tr\/index.php\/depo-kira-destegi\/#breadcrumb\"},\"inLanguage\":\"tr\",\"potentialAction\":[{\"@type\":\"ReadAction\",\"target\":[\"http:\/\/hikmetseflektarim.com.tr\/index.php\/depo-kira-destegi\/\"]}]},{\"@type\":\"BreadcrumbList\",\"@id\":\"http:\/\/hikmetseflektarim.com.tr\/index.php\/depo-kira-destegi\/#breadcrumb\",\"itemListElement\":[{\"@type\":\"ListItem\",\"position\":1,\"name\":\"Home\",\"item\":\"http:\/\/hikmetseflektarim.com.tr\/\"},{\"@type\":\"ListItem\",\"position\":2,\"name\":\"DEPO K\\u0130RA DESTE\\u011e\\u0130\"}]}]}<\/script>\r\n<!-- \/ Yoast SEO plugin. -->","yoast_head_json":{"title":"DEPO K\u0130RA DESTE\u011e\u0130 - Hikmet \u015eeflek Tar\u0131m","robots":{"index":"index","follow":"follow","max-snippet":"max-snippet:-1","max-image-preview":"max-image-preview:large","max-video-preview":"max-video-preview:-1"},"canonical":"http:\/\/hikmetseflektarim.com.tr\/index.php\/depo-kira-destegi\/","og_locale":"tr_TR","og_type":"article","og_title":"DEPO K\u0130RA DESTE\u011e\u0130 - Hikmet \u015eeflek Tar\u0131m","og_description":"22 Haziran 2021 tarih, 31519 say\u0131l\u0131 Resmi gazetede yay\u0131mlanan karar \u2018Tar\u0131msal \u00dcr\u00fcnlerin 5300 Say\u0131l\u0131 Tar\u0131m \u00dcr\u00fcnleri Lisansl\u0131 Depoculuk Kanunu \u00c7er\u00e7evesinde Lisans Alarak Faaliyet G\u00f6steren Depolarda Muhafaza Edilmesi Halinde Destekleme \u00d6demesi Yap\u0131lmas\u0131na \u0130li\u015fkin Karar (Karar Say\u0131s\u0131: 4093)\u00a0","og_url":"http:\/\/hikmetseflektarim.com.tr\/index.php\/depo-kira-destegi\/","og_site_name":"Hikmet \u015eeflek Tar\u0131m","article_modified_time":"2021-07-09T12:10:51+00:00","og_image":[{"width":1600,"height":769,"url":"http:\/\/hikmetseflektarim.com.tr\/wp-content\/uploads\/2021\/05\/depo-kira-rotated.jpeg","path":"D:\\vhosts\\hikmetseflektarim.com.tr\\httpdocs\/wp-content\/uploads\/2021\/05\/depo-kira-rotated.jpeg","size":"full","id":371,"alt":"","pixels":1230400,"type":"image\/jpeg"}],"twitter_card":"summary_large_image","twitter_misc":{"Tahmini okuma s\u00fcresi":"1 dakika"},"schema":{"@context":"https:\/\/schema.org","@graph":[{"@type":"Organization","@id":"http:\/\/hikmetseflektarim.com.tr\/#organization","name":"Hikmet \u015eeflek Tar\u0131m","url":"http:\/\/hikmetseflektarim.com.tr\/","sameAs":[],"logo":{"@type":"ImageObject","@id":"http:\/\/hikmetseflektarim.com.tr\/#logo","inLanguage":"tr","url":"http:\/\/hikmetseflektarim.com.tr\/wp-content\/uploads\/2021\/03\/cropped-logo-1.png","contentUrl":"http:\/\/hikmetseflektarim.com.tr\/wp-content\/uploads\/2021\/03\/cropped-logo-1.png","width":512,"height":512,"caption":"Hikmet \u015eeflek Tar\u0131m"},"image":{"@id":"http:\/\/hikmetseflektarim.com.tr\/#logo"}},{"@type":"WebSite","@id":"http:\/\/hikmetseflektarim.com.tr\/#website","url":"http:\/\/hikmetseflektarim.com.tr\/","name":"Hikmet \u015eeflek Tar\u0131m","description":"Lisansl\u0131 Depoculuk","publisher":{"@id":"http:\/\/hikmetseflektarim.com.tr\/#organization"},"potentialAction":[{"@type":"SearchAction","target":{"@type":"EntryPoint","urlTemplate":"http:\/\/hikmetseflektarim.com.tr\/?s={search_term_string}"},"query-input":"required name=search_term_string"}],"inLanguage":"tr"},{"@type":"ImageObject","@id":"http:\/\/hikmetseflektarim.com.tr\/index.php\/depo-kira-destegi\/#primaryimage","inLanguage":"tr","url":"http:\/\/hikmetseflektarim.com.tr\/wp-content\/uploads\/2021\/05\/depo-kira-rotated.jpeg","contentUrl":"http:\/\/hikmetseflektarim.com.tr\/wp-content\/uploads\/2021\/05\/depo-kira-rotated.jpeg","width":1600,"height":769},{"@type":"WebPage","@id":"http:\/\/hikmetseflektarim.com.tr\/index.php\/depo-kira-destegi\/#webpage","url":"http:\/\/hikmetseflektarim.com.tr\/index.php\/depo-kira-destegi\/","name":"DEPO K\u0130RA DESTE\u011e\u0130 - Hikmet \u015eeflek Tar\u0131m","isPartOf":{"@id":"http:\/\/hikmetseflektarim.com.tr\/#website"},"primaryImageOfPage":{"@id":"http:\/\/hikmetseflektarim.com.tr\/index.php\/depo-kira-destegi\/#primaryimage"},"datePublished":"2015-07-20T10:49:58+00:00","dateModified":"2021-07-09T12:10:51+00:00","breadcrumb":{"@id":"http:\/\/hikmetseflektarim.com.tr\/index.php\/depo-kira-destegi\/#breadcrumb"},"inLanguage":"tr","potentialAction":[{"@type":"ReadAction","target":["http:\/\/hikmetseflektarim.com.tr\/index.php\/depo-kira-destegi\/"]}]},{"@type":"BreadcrumbList","@id":"http:\/\/hikmetseflektarim.com.tr\/index.php\/depo-kira-destegi\/#breadcrumb","itemListElement":[{"@type":"ListItem","position":1,"name":"Home","item":"http:\/\/hikmetseflektarim.com.tr\/"},{"@type":"ListItem","position":2,"name":"DEPO K\u0130RA DESTE\u011e\u0130"}]}]}},"_links":{"self":[{"href":"http:\/\/hikmetseflektarim.com.tr\/index.php\/wp-json\/wp\/v2\/pages\/53"}],"collection":[{"href":"http:\/\/hikmetseflektarim.com.tr\/index.php\/wp-json\/wp\/v2\/pages"}],"about":[{"href":"http:\/\/hikmetseflektarim.com.tr\/index.php\/wp-json\/wp\/v2\/types\/page"}],"author":[{"embeddable":true,"href":"http:\/\/hikmetseflektarim.com.tr\/index.php\/wp-json\/wp\/v2\/users\/1"}],"replies":[{"embeddable":true,"href":"http:\/\/hikmetseflektarim.com.tr\/index.php\/wp-json\/wp\/v2\/comments?post=53"}],"version-history":[{"count":7,"href":"http:\/\/hikmetseflektarim.com.tr\/index.php\/wp-json\/wp\/v2\/pages\/53\/revisions"}],"predecessor-version":[{"id":417,"href":"http:\/\/hikmetseflektarim.com.tr\/index.php\/wp-json\/wp\/v2\/pages\/53\/revisions\/417"}],"wp:featuredmedia":[{"embeddable":true,"href":"http:\/\/hikmetseflektarim.com.tr\/index.php\/wp-json\/wp\/v2\/media\/371"}],"wp:attachment":[{"href":"http:\/\/hikmetseflektarim.com.tr\/index.php\/wp-json\/wp\/v2\/media?parent=53"}],"curies":[{"name":"wp","href":"https:\/\/api.w.org\/{rel}","templated":true}]}}