{"id":52,"date":"2015-07-20T10:48:26","date_gmt":"2015-07-20T10:48:26","guid":{"rendered":"http:\/\/demo.themegrill.com\/himalayas\/?page_id=52"},"modified":"2021-05-26T10:25:43","modified_gmt":"2021-05-26T10:25:43","slug":"ureticilere-nakliye-destegi","status":"publish","type":"page","link":"http:\/\/hikmetseflektarim.com.tr\/index.php\/ureticilere-nakliye-destegi\/","title":{"rendered":"\u00dcRET\u0130C\u0130LERE NAKL\u0130YE DESTE\u011e\u0130"},"content":{"rendered":"<p><span style=\"font-weight: 400;\">\u0130lave kira deste\u011finden yararlanan \u00fcreticiler ile \u00fcretici \u00f6rg\u00fctlerine, \u00fcr\u00fcnlerini lisansl\u0131 depolarda muhafaza etmeleri durumunda, belgelendirmeleri \u015fart\u0131yla, depoya teslim edilen \u00fcr\u00fcnler i\u00e7in ton ba\u015f\u0131na 25 TL \u2018yi ge\u00e7memek \u00fczere her \u00fcr\u00fcn \u00e7e\u015fidi i\u00e7in en fazla 750 TL tutar\u0131nda nakliye deste\u011fi verilir.<\/span><\/p>\n","protected":false},"excerpt":{"rendered":"<p>\u0130lave kira deste\u011finden yararlanan \u00fcreticiler ile \u00fcretici \u00f6rg\u00fctlerine, \u00fcr\u00fcnlerini lisansl\u0131 depolarda muhafaza etmeleri durumunda, belgelendirmeleri \u015fart\u0131yla, depoya teslim edilen \u00fcr\u00fcnler i\u00e7in ton ba\u015f\u0131na 25 TL \u2018yi ge\u00e7memek \u00fczere her \u00fcr\u00fcn \u00e7e\u015fidi i\u00e7in en fazla 750 TL tutar\u0131nda nakliye deste\u011fi verilir.<\/p>\n","protected":false},"author":1,"featured_media":376,"parent":0,"menu_order":0,"comment_status":"closed","ping_status":"closed","template":"page-templates\/template-services.php","meta":[],"yoast_head":"<!-- This site is optimized with the Yoast SEO plugin v16.8 - https:\/\/yoast.com\/wordpress\/plugins\/seo\/ -->\r\n<title>\u00dcRET\u0130C\u0130LERE NAKL\u0130YE DESTE\u011e\u0130 - Hikmet \u015eeflek Tar\u0131m<\/title>\r\n<meta name=\"robots\" content=\"index, follow, max-snippet:-1, max-image-preview:large, max-video-preview:-1\" \/>\r\n<link rel=\"canonical\" href=\"http:\/\/hikmetseflektarim.com.tr\/index.php\/ureticilere-nakliye-destegi\/\" \/>\r\n<meta property=\"og:locale\" content=\"tr_TR\" \/>\r\n<meta property=\"og:type\" content=\"article\" \/>\r\n<meta property=\"og:title\" content=\"\u00dcRET\u0130C\u0130LERE NAKL\u0130YE DESTE\u011e\u0130 - Hikmet \u015eeflek Tar\u0131m\" \/>\r\n<meta property=\"og:description\" content=\"\u0130lave kira deste\u011finden yararlanan \u00fcreticiler ile \u00fcretici \u00f6rg\u00fctlerine, \u00fcr\u00fcnlerini lisansl\u0131 depolarda muhafaza etmeleri durumunda, belgelendirmeleri \u015fart\u0131yla, depoya teslim edilen \u00fcr\u00fcnler i\u00e7in ton ba\u015f\u0131na 25 TL \u2018yi ge\u00e7memek \u00fczere her \u00fcr\u00fcn \u00e7e\u015fidi i\u00e7in en fazla 750 TL tutar\u0131nda nakliye deste\u011fi verilir.\" \/>\r\n<meta property=\"og:url\" content=\"http:\/\/hikmetseflektarim.com.tr\/index.php\/ureticilere-nakliye-destegi\/\" \/>\r\n<meta property=\"og:site_name\" content=\"Hikmet \u015eeflek Tar\u0131m\" \/>\r\n<meta property=\"article:modified_time\" content=\"2021-05-26T10:25:43+00:00\" \/>\r\n<meta property=\"og:image\" content=\"http:\/\/hikmetseflektarim.com.tr\/wp-content\/uploads\/2021\/05\/tahil-nakliye.png\" \/>\r\n\t<meta property=\"og:image:width\" content=\"1100\" \/>\r\n\t<meta property=\"og:image:height\" content=\"733\" \/>\r\n<meta name=\"twitter:card\" content=\"summary_large_image\" \/>\r\n<script type=\"application\/ld+json\" class=\"yoast-schema-graph\">{\"@context\":\"https:\/\/schema.org\",\"@graph\":[{\"@type\":\"Organization\",\"@id\":\"http:\/\/hikmetseflektarim.com.tr\/#organization\",\"name\":\"Hikmet \\u015eeflek Tar\\u0131m\",\"url\":\"http:\/\/hikmetseflektarim.com.tr\/\",\"sameAs\":[],\"logo\":{\"@type\":\"ImageObject\",\"@id\":\"http:\/\/hikmetseflektarim.com.tr\/#logo\",\"inLanguage\":\"tr\",\"url\":\"http:\/\/hikmetseflektarim.com.tr\/wp-content\/uploads\/2021\/03\/cropped-logo-1.png\",\"contentUrl\":\"http:\/\/hikmetseflektarim.com.tr\/wp-content\/uploads\/2021\/03\/cropped-logo-1.png\",\"width\":512,\"height\":512,\"caption\":\"Hikmet \\u015eeflek Tar\\u0131m\"},\"image\":{\"@id\":\"http:\/\/hikmetseflektarim.com.tr\/#logo\"}},{\"@type\":\"WebSite\",\"@id\":\"http:\/\/hikmetseflektarim.com.tr\/#website\",\"url\":\"http:\/\/hikmetseflektarim.com.tr\/\",\"name\":\"Hikmet \\u015eeflek Tar\\u0131m\",\"description\":\"Lisansl\\u0131 Depoculuk\",\"publisher\":{\"@id\":\"http:\/\/hikmetseflektarim.com.tr\/#organization\"},\"potentialAction\":[{\"@type\":\"SearchAction\",\"target\":{\"@type\":\"EntryPoint\",\"urlTemplate\":\"http:\/\/hikmetseflektarim.com.tr\/?s={search_term_string}\"},\"query-input\":\"required name=search_term_string\"}],\"inLanguage\":\"tr\"},{\"@type\":\"ImageObject\",\"@id\":\"http:\/\/hikmetseflektarim.com.tr\/index.php\/ureticilere-nakliye-destegi\/#primaryimage\",\"inLanguage\":\"tr\",\"url\":\"http:\/\/hikmetseflektarim.com.tr\/wp-content\/uploads\/2021\/05\/tahil-nakliye.png\",\"contentUrl\":\"http:\/\/hikmetseflektarim.com.tr\/wp-content\/uploads\/2021\/05\/tahil-nakliye.png\",\"width\":1100,\"height\":733},{\"@type\":\"WebPage\",\"@id\":\"http:\/\/hikmetseflektarim.com.tr\/index.php\/ureticilere-nakliye-destegi\/#webpage\",\"url\":\"http:\/\/hikmetseflektarim.com.tr\/index.php\/ureticilere-nakliye-destegi\/\",\"name\":\"\\u00dcRET\\u0130C\\u0130LERE NAKL\\u0130YE DESTE\\u011e\\u0130 - Hikmet \\u015eeflek Tar\\u0131m\",\"isPartOf\":{\"@id\":\"http:\/\/hikmetseflektarim.com.tr\/#website\"},\"primaryImageOfPage\":{\"@id\":\"http:\/\/hikmetseflektarim.com.tr\/index.php\/ureticilere-nakliye-destegi\/#primaryimage\"},\"datePublished\":\"2015-07-20T10:48:26+00:00\",\"dateModified\":\"2021-05-26T10:25:43+00:00\",\"breadcrumb\":{\"@id\":\"http:\/\/hikmetseflektarim.com.tr\/index.php\/ureticilere-nakliye-destegi\/#breadcrumb\"},\"inLanguage\":\"tr\",\"potentialAction\":[{\"@type\":\"ReadAction\",\"target\":[\"http:\/\/hikmetseflektarim.com.tr\/index.php\/ureticilere-nakliye-destegi\/\"]}]},{\"@type\":\"BreadcrumbList\",\"@id\":\"http:\/\/hikmetseflektarim.com.tr\/index.php\/ureticilere-nakliye-destegi\/#breadcrumb\",\"itemListElement\":[{\"@type\":\"ListItem\",\"position\":1,\"name\":\"Home\",\"item\":\"http:\/\/hikmetseflektarim.com.tr\/\"},{\"@type\":\"ListItem\",\"position\":2,\"name\":\"\\u00dcRET\\u0130C\\u0130LERE NAKL\\u0130YE DESTE\\u011e\\u0130\"}]}]}<\/script>\r\n<!-- \/ Yoast SEO plugin. -->","yoast_head_json":{"title":"\u00dcRET\u0130C\u0130LERE NAKL\u0130YE DESTE\u011e\u0130 - Hikmet \u015eeflek Tar\u0131m","robots":{"index":"index","follow":"follow","max-snippet":"max-snippet:-1","max-image-preview":"max-image-preview:large","max-video-preview":"max-video-preview:-1"},"canonical":"http:\/\/hikmetseflektarim.com.tr\/index.php\/ureticilere-nakliye-destegi\/","og_locale":"tr_TR","og_type":"article","og_title":"\u00dcRET\u0130C\u0130LERE NAKL\u0130YE DESTE\u011e\u0130 - Hikmet \u015eeflek Tar\u0131m","og_description":"\u0130lave kira deste\u011finden yararlanan \u00fcreticiler ile \u00fcretici \u00f6rg\u00fctlerine, \u00fcr\u00fcnlerini lisansl\u0131 depolarda muhafaza etmeleri durumunda, belgelendirmeleri \u015fart\u0131yla, depoya teslim edilen \u00fcr\u00fcnler i\u00e7in ton ba\u015f\u0131na 25 TL \u2018yi ge\u00e7memek \u00fczere her \u00fcr\u00fcn \u00e7e\u015fidi i\u00e7in en fazla 750 TL tutar\u0131nda nakliye deste\u011fi verilir.","og_url":"http:\/\/hikmetseflektarim.com.tr\/index.php\/ureticilere-nakliye-destegi\/","og_site_name":"Hikmet \u015eeflek Tar\u0131m","article_modified_time":"2021-05-26T10:25:43+00:00","og_image":[{"width":1100,"height":733,"url":"http:\/\/hikmetseflektarim.com.tr\/wp-content\/uploads\/2021\/05\/tahil-nakliye.png","path":"D:\\vhosts\\hikmetseflektarim.com.tr\\httpdocs\/wp-content\/uploads\/2021\/05\/tahil-nakliye.png","size":"full","id":376,"alt":"","pixels":806300,"type":"image\/png"}],"twitter_card":"summary_large_image","schema":{"@context":"https:\/\/schema.org","@graph":[{"@type":"Organization","@id":"http:\/\/hikmetseflektarim.com.tr\/#organization","name":"Hikmet \u015eeflek Tar\u0131m","url":"http:\/\/hikmetseflektarim.com.tr\/","sameAs":[],"logo":{"@type":"ImageObject","@id":"http:\/\/hikmetseflektarim.com.tr\/#logo","inLanguage":"tr","url":"http:\/\/hikmetseflektarim.com.tr\/wp-content\/uploads\/2021\/03\/cropped-logo-1.png","contentUrl":"http:\/\/hikmetseflektarim.com.tr\/wp-content\/uploads\/2021\/03\/cropped-logo-1.png","width":512,"height":512,"caption":"Hikmet \u015eeflek Tar\u0131m"},"image":{"@id":"http:\/\/hikmetseflektarim.com.tr\/#logo"}},{"@type":"WebSite","@id":"http:\/\/hikmetseflektarim.com.tr\/#website","url":"http:\/\/hikmetseflektarim.com.tr\/","name":"Hikmet \u015eeflek Tar\u0131m","description":"Lisansl\u0131 Depoculuk","publisher":{"@id":"http:\/\/hikmetseflektarim.com.tr\/#organization"},"potentialAction":[{"@type":"SearchAction","target":{"@type":"EntryPoint","urlTemplate":"http:\/\/hikmetseflektarim.com.tr\/?s={search_term_string}"},"query-input":"required name=search_term_string"}],"inLanguage":"tr"},{"@type":"ImageObject","@id":"http:\/\/hikmetseflektarim.com.tr\/index.php\/ureticilere-nakliye-destegi\/#primaryimage","inLanguage":"tr","url":"http:\/\/hikmetseflektarim.com.tr\/wp-content\/uploads\/2021\/05\/tahil-nakliye.png","contentUrl":"http:\/\/hikmetseflektarim.com.tr\/wp-content\/uploads\/2021\/05\/tahil-nakliye.png","width":1100,"height":733},{"@type":"WebPage","@id":"http:\/\/hikmetseflektarim.com.tr\/index.php\/ureticilere-nakliye-destegi\/#webpage","url":"http:\/\/hikmetseflektarim.com.tr\/index.php\/ureticilere-nakliye-destegi\/","name":"\u00dcRET\u0130C\u0130LERE NAKL\u0130YE DESTE\u011e\u0130 - Hikmet \u015eeflek Tar\u0131m","isPartOf":{"@id":"http:\/\/hikmetseflektarim.com.tr\/#website"},"primaryImageOfPage":{"@id":"http:\/\/hikmetseflektarim.com.tr\/index.php\/ureticilere-nakliye-destegi\/#primaryimage"},"datePublished":"2015-07-20T10:48:26+00:00","dateModified":"2021-05-26T10:25:43+00:00","breadcrumb":{"@id":"http:\/\/hikmetseflektarim.com.tr\/index.php\/ureticilere-nakliye-destegi\/#breadcrumb"},"inLanguage":"tr","potentialAction":[{"@type":"ReadAction","target":["http:\/\/hikmetseflektarim.com.tr\/index.php\/ureticilere-nakliye-destegi\/"]}]},{"@type":"BreadcrumbList","@id":"http:\/\/hikmetseflektarim.com.tr\/index.php\/ureticilere-nakliye-destegi\/#breadcrumb","itemListElement":[{"@type":"ListItem","position":1,"name":"Home","item":"http:\/\/hikmetseflektarim.com.tr\/"},{"@type":"ListItem","position":2,"name":"\u00dcRET\u0130C\u0130LERE NAKL\u0130YE DESTE\u011e\u0130"}]}]}},"_links":{"self":[{"href":"http:\/\/hikmetseflektarim.com.tr\/index.php\/wp-json\/wp\/v2\/pages\/52"}],"collection":[{"href":"http:\/\/hikmetseflektarim.com.tr\/index.php\/wp-json\/wp\/v2\/pages"}],"about":[{"href":"http:\/\/hikmetseflektarim.com.tr\/index.php\/wp-json\/wp\/v2\/types\/page"}],"author":[{"embeddable":true,"href":"http:\/\/hikmetseflektarim.com.tr\/index.php\/wp-json\/wp\/v2\/users\/1"}],"replies":[{"embeddable":true,"href":"http:\/\/hikmetseflektarim.com.tr\/index.php\/wp-json\/wp\/v2\/comments?post=52"}],"version-history":[{"count":2,"href":"http:\/\/hikmetseflektarim.com.tr\/index.php\/wp-json\/wp\/v2\/pages\/52\/revisions"}],"predecessor-version":[{"id":375,"href":"http:\/\/hikmetseflektarim.com.tr\/index.php\/wp-json\/wp\/v2\/pages\/52\/revisions\/375"}],"wp:featuredmedia":[{"embeddable":true,"href":"http:\/\/hikmetseflektarim.com.tr\/index.php\/wp-json\/wp\/v2\/media\/376"}],"wp:attachment":[{"href":"http:\/\/hikmetseflektarim.com.tr\/index.php\/wp-json\/wp\/v2\/media?parent=52"}],"curies":[{"name":"wp","href":"https:\/\/api.w.org\/{rel}","templated":true}]}}