{"id":24,"date":"2015-07-20T09:18:22","date_gmt":"2015-07-20T09:18:22","guid":{"rendered":"http:\/\/demo.themegrill.com\/himalayas\/?page_id=24"},"modified":"2021-05-26T10:21:22","modified_gmt":"2021-05-26T10:21:22","slug":"vergi-istisnalari","status":"publish","type":"page","link":"http:\/\/hikmetseflektarim.com.tr\/index.php\/vergi-istisnalari\/","title":{"rendered":"VERG\u0130 \u0130ST\u0130SNALARI"},"content":{"rendered":"<p><span style=\"font-weight: 400;\">Lisansl\u0131 depolara stoklanarak elektronik \u00fcr\u00fcn senedi arac\u0131l\u0131\u011f\u0131yla al\u0131m, sat\u0131m\u0131 yap\u0131lan \u00fcr\u00fcnler 31.12.2023 tarihine kadar;<\/span><\/p>\n<p><span style=\"font-weight: 400;\">\u2013 Zirai stopaj vergisinden (% 2),<\/span><span style=\"font-weight: 400;\"><br \/>\n<\/span><span style=\"font-weight: 400;\">\u2013 Elde edilen kar gelir\/kurumlar vergisinden (% 20),<\/span><span style=\"font-weight: 400;\"><br \/>\n<\/span><span style=\"font-weight: 400;\">\u2013 KDV\u2019den (% 1),<\/span><\/p>\n<p><span style=\"font-weight: 400;\">muaft\u0131r.<\/span><\/p>\n","protected":false},"excerpt":{"rendered":"<p>Lisansl\u0131 depolara stoklanarak elektronik \u00fcr\u00fcn senedi arac\u0131l\u0131\u011f\u0131yla al\u0131m, sat\u0131m\u0131 yap\u0131lan \u00fcr\u00fcnler 31.12.2023 tarihine kadar;<\/p>\n<p>\u2013 Zirai stopaj vergisinden (% 2),<br \/>\n\u2013 Elde edilen kar gelir\/kurumlar vergisinden (% 20),<br \/>\n\u2013 KDV\u2019den (% 1),<\/p>\n<p>muaft\u0131r.<\/p>\n","protected":false},"author":1,"featured_media":368,"parent":0,"menu_order":0,"comment_status":"closed","ping_status":"open","template":"page-templates\/template-services.php","meta":[],"yoast_head":"<!-- This site is optimized with the Yoast SEO plugin v16.8 - https:\/\/yoast.com\/wordpress\/plugins\/seo\/ -->\r\n<title>VERG\u0130 \u0130ST\u0130SNALARI - Hikmet \u015eeflek Tar\u0131m<\/title>\r\n<meta name=\"robots\" content=\"index, follow, max-snippet:-1, max-image-preview:large, max-video-preview:-1\" \/>\r\n<link rel=\"canonical\" href=\"http:\/\/hikmetseflektarim.com.tr\/index.php\/vergi-istisnalari\/\" \/>\r\n<meta property=\"og:locale\" content=\"tr_TR\" \/>\r\n<meta property=\"og:type\" content=\"article\" \/>\r\n<meta property=\"og:title\" content=\"VERG\u0130 \u0130ST\u0130SNALARI - Hikmet \u015eeflek Tar\u0131m\" \/>\r\n<meta property=\"og:description\" content=\"Lisansl\u0131 depolara stoklanarak elektronik \u00fcr\u00fcn senedi arac\u0131l\u0131\u011f\u0131yla al\u0131m, sat\u0131m\u0131 yap\u0131lan \u00fcr\u00fcnler 31.12.2023 tarihine kadar; \u2013 Zirai stopaj vergisinden (% 2), \u2013 Elde edilen kar gelir\/kurumlar vergisinden (% 20), \u2013 KDV\u2019den (% 1), muaft\u0131r.\" \/>\r\n<meta property=\"og:url\" content=\"http:\/\/hikmetseflektarim.com.tr\/index.php\/vergi-istisnalari\/\" \/>\r\n<meta property=\"og:site_name\" content=\"Hikmet \u015eeflek Tar\u0131m\" \/>\r\n<meta property=\"article:modified_time\" content=\"2021-05-26T10:21:22+00:00\" \/>\r\n<meta property=\"og:image\" content=\"http:\/\/hikmetseflektarim.com.tr\/wp-content\/uploads\/2021\/05\/vergi.jpg\" \/>\r\n\t<meta property=\"og:image:width\" content=\"1650\" \/>\r\n\t<meta property=\"og:image:height\" content=\"1100\" \/>\r\n<meta name=\"twitter:card\" content=\"summary_large_image\" \/>\r\n<script type=\"application\/ld+json\" class=\"yoast-schema-graph\">{\"@context\":\"https:\/\/schema.org\",\"@graph\":[{\"@type\":\"Organization\",\"@id\":\"http:\/\/hikmetseflektarim.com.tr\/#organization\",\"name\":\"Hikmet \\u015eeflek Tar\\u0131m\",\"url\":\"http:\/\/hikmetseflektarim.com.tr\/\",\"sameAs\":[],\"logo\":{\"@type\":\"ImageObject\",\"@id\":\"http:\/\/hikmetseflektarim.com.tr\/#logo\",\"inLanguage\":\"tr\",\"url\":\"http:\/\/hikmetseflektarim.com.tr\/wp-content\/uploads\/2021\/03\/cropped-logo-1.png\",\"contentUrl\":\"http:\/\/hikmetseflektarim.com.tr\/wp-content\/uploads\/2021\/03\/cropped-logo-1.png\",\"width\":512,\"height\":512,\"caption\":\"Hikmet \\u015eeflek Tar\\u0131m\"},\"image\":{\"@id\":\"http:\/\/hikmetseflektarim.com.tr\/#logo\"}},{\"@type\":\"WebSite\",\"@id\":\"http:\/\/hikmetseflektarim.com.tr\/#website\",\"url\":\"http:\/\/hikmetseflektarim.com.tr\/\",\"name\":\"Hikmet \\u015eeflek Tar\\u0131m\",\"description\":\"Lisansl\\u0131 Depoculuk\",\"publisher\":{\"@id\":\"http:\/\/hikmetseflektarim.com.tr\/#organization\"},\"potentialAction\":[{\"@type\":\"SearchAction\",\"target\":{\"@type\":\"EntryPoint\",\"urlTemplate\":\"http:\/\/hikmetseflektarim.com.tr\/?s={search_term_string}\"},\"query-input\":\"required name=search_term_string\"}],\"inLanguage\":\"tr\"},{\"@type\":\"ImageObject\",\"@id\":\"http:\/\/hikmetseflektarim.com.tr\/index.php\/vergi-istisnalari\/#primaryimage\",\"inLanguage\":\"tr\",\"url\":\"http:\/\/hikmetseflektarim.com.tr\/wp-content\/uploads\/2021\/05\/vergi.jpg\",\"contentUrl\":\"http:\/\/hikmetseflektarim.com.tr\/wp-content\/uploads\/2021\/05\/vergi.jpg\",\"width\":1650,\"height\":1100},{\"@type\":\"WebPage\",\"@id\":\"http:\/\/hikmetseflektarim.com.tr\/index.php\/vergi-istisnalari\/#webpage\",\"url\":\"http:\/\/hikmetseflektarim.com.tr\/index.php\/vergi-istisnalari\/\",\"name\":\"VERG\\u0130 \\u0130ST\\u0130SNALARI - Hikmet \\u015eeflek Tar\\u0131m\",\"isPartOf\":{\"@id\":\"http:\/\/hikmetseflektarim.com.tr\/#website\"},\"primaryImageOfPage\":{\"@id\":\"http:\/\/hikmetseflektarim.com.tr\/index.php\/vergi-istisnalari\/#primaryimage\"},\"datePublished\":\"2015-07-20T09:18:22+00:00\",\"dateModified\":\"2021-05-26T10:21:22+00:00\",\"breadcrumb\":{\"@id\":\"http:\/\/hikmetseflektarim.com.tr\/index.php\/vergi-istisnalari\/#breadcrumb\"},\"inLanguage\":\"tr\",\"potentialAction\":[{\"@type\":\"ReadAction\",\"target\":[\"http:\/\/hikmetseflektarim.com.tr\/index.php\/vergi-istisnalari\/\"]}]},{\"@type\":\"BreadcrumbList\",\"@id\":\"http:\/\/hikmetseflektarim.com.tr\/index.php\/vergi-istisnalari\/#breadcrumb\",\"itemListElement\":[{\"@type\":\"ListItem\",\"position\":1,\"name\":\"Home\",\"item\":\"http:\/\/hikmetseflektarim.com.tr\/\"},{\"@type\":\"ListItem\",\"position\":2,\"name\":\"VERG\\u0130 \\u0130ST\\u0130SNALARI\"}]}]}<\/script>\r\n<!-- \/ Yoast SEO plugin. -->","yoast_head_json":{"title":"VERG\u0130 \u0130ST\u0130SNALARI - Hikmet \u015eeflek Tar\u0131m","robots":{"index":"index","follow":"follow","max-snippet":"max-snippet:-1","max-image-preview":"max-image-preview:large","max-video-preview":"max-video-preview:-1"},"canonical":"http:\/\/hikmetseflektarim.com.tr\/index.php\/vergi-istisnalari\/","og_locale":"tr_TR","og_type":"article","og_title":"VERG\u0130 \u0130ST\u0130SNALARI - Hikmet \u015eeflek Tar\u0131m","og_description":"Lisansl\u0131 depolara stoklanarak elektronik \u00fcr\u00fcn senedi arac\u0131l\u0131\u011f\u0131yla al\u0131m, sat\u0131m\u0131 yap\u0131lan \u00fcr\u00fcnler 31.12.2023 tarihine kadar; \u2013 Zirai stopaj vergisinden (% 2), \u2013 Elde edilen kar gelir\/kurumlar vergisinden (% 20), \u2013 KDV\u2019den (% 1), muaft\u0131r.","og_url":"http:\/\/hikmetseflektarim.com.tr\/index.php\/vergi-istisnalari\/","og_site_name":"Hikmet \u015eeflek Tar\u0131m","article_modified_time":"2021-05-26T10:21:22+00:00","og_image":[{"width":1650,"height":1100,"url":"http:\/\/hikmetseflektarim.com.tr\/wp-content\/uploads\/2021\/05\/vergi.jpg","path":"D:\\vhosts\\hikmetseflektarim.com.tr\\httpdocs\/wp-content\/uploads\/2021\/05\/vergi.jpg","size":"full","id":368,"alt":"","pixels":1815000,"type":"image\/jpeg"}],"twitter_card":"summary_large_image","schema":{"@context":"https:\/\/schema.org","@graph":[{"@type":"Organization","@id":"http:\/\/hikmetseflektarim.com.tr\/#organization","name":"Hikmet \u015eeflek Tar\u0131m","url":"http:\/\/hikmetseflektarim.com.tr\/","sameAs":[],"logo":{"@type":"ImageObject","@id":"http:\/\/hikmetseflektarim.com.tr\/#logo","inLanguage":"tr","url":"http:\/\/hikmetseflektarim.com.tr\/wp-content\/uploads\/2021\/03\/cropped-logo-1.png","contentUrl":"http:\/\/hikmetseflektarim.com.tr\/wp-content\/uploads\/2021\/03\/cropped-logo-1.png","width":512,"height":512,"caption":"Hikmet \u015eeflek Tar\u0131m"},"image":{"@id":"http:\/\/hikmetseflektarim.com.tr\/#logo"}},{"@type":"WebSite","@id":"http:\/\/hikmetseflektarim.com.tr\/#website","url":"http:\/\/hikmetseflektarim.com.tr\/","name":"Hikmet \u015eeflek Tar\u0131m","description":"Lisansl\u0131 Depoculuk","publisher":{"@id":"http:\/\/hikmetseflektarim.com.tr\/#organization"},"potentialAction":[{"@type":"SearchAction","target":{"@type":"EntryPoint","urlTemplate":"http:\/\/hikmetseflektarim.com.tr\/?s={search_term_string}"},"query-input":"required name=search_term_string"}],"inLanguage":"tr"},{"@type":"ImageObject","@id":"http:\/\/hikmetseflektarim.com.tr\/index.php\/vergi-istisnalari\/#primaryimage","inLanguage":"tr","url":"http:\/\/hikmetseflektarim.com.tr\/wp-content\/uploads\/2021\/05\/vergi.jpg","contentUrl":"http:\/\/hikmetseflektarim.com.tr\/wp-content\/uploads\/2021\/05\/vergi.jpg","width":1650,"height":1100},{"@type":"WebPage","@id":"http:\/\/hikmetseflektarim.com.tr\/index.php\/vergi-istisnalari\/#webpage","url":"http:\/\/hikmetseflektarim.com.tr\/index.php\/vergi-istisnalari\/","name":"VERG\u0130 \u0130ST\u0130SNALARI - Hikmet \u015eeflek Tar\u0131m","isPartOf":{"@id":"http:\/\/hikmetseflektarim.com.tr\/#website"},"primaryImageOfPage":{"@id":"http:\/\/hikmetseflektarim.com.tr\/index.php\/vergi-istisnalari\/#primaryimage"},"datePublished":"2015-07-20T09:18:22+00:00","dateModified":"2021-05-26T10:21:22+00:00","breadcrumb":{"@id":"http:\/\/hikmetseflektarim.com.tr\/index.php\/vergi-istisnalari\/#breadcrumb"},"inLanguage":"tr","potentialAction":[{"@type":"ReadAction","target":["http:\/\/hikmetseflektarim.com.tr\/index.php\/vergi-istisnalari\/"]}]},{"@type":"BreadcrumbList","@id":"http:\/\/hikmetseflektarim.com.tr\/index.php\/vergi-istisnalari\/#breadcrumb","itemListElement":[{"@type":"ListItem","position":1,"name":"Home","item":"http:\/\/hikmetseflektarim.com.tr\/"},{"@type":"ListItem","position":2,"name":"VERG\u0130 \u0130ST\u0130SNALARI"}]}]}},"_links":{"self":[{"href":"http:\/\/hikmetseflektarim.com.tr\/index.php\/wp-json\/wp\/v2\/pages\/24"}],"collection":[{"href":"http:\/\/hikmetseflektarim.com.tr\/index.php\/wp-json\/wp\/v2\/pages"}],"about":[{"href":"http:\/\/hikmetseflektarim.com.tr\/index.php\/wp-json\/wp\/v2\/types\/page"}],"author":[{"embeddable":true,"href":"http:\/\/hikmetseflektarim.com.tr\/index.php\/wp-json\/wp\/v2\/users\/1"}],"replies":[{"embeddable":true,"href":"http:\/\/hikmetseflektarim.com.tr\/index.php\/wp-json\/wp\/v2\/comments?post=24"}],"version-history":[{"count":1,"href":"http:\/\/hikmetseflektarim.com.tr\/index.php\/wp-json\/wp\/v2\/pages\/24\/revisions"}],"predecessor-version":[{"id":369,"href":"http:\/\/hikmetseflektarim.com.tr\/index.php\/wp-json\/wp\/v2\/pages\/24\/revisions\/369"}],"wp:featuredmedia":[{"embeddable":true,"href":"http:\/\/hikmetseflektarim.com.tr\/index.php\/wp-json\/wp\/v2\/media\/368"}],"wp:attachment":[{"href":"http:\/\/hikmetseflektarim.com.tr\/index.php\/wp-json\/wp\/v2\/media?parent=24"}],"curies":[{"name":"wp","href":"https:\/\/api.w.org\/{rel}","templated":true}]}}